{"id":765,"date":"2021-05-30T14:08:16","date_gmt":"2021-05-30T13:08:16","guid":{"rendered":"https:\/\/gpsites.co\/construction\/?page_id=3"},"modified":"2024-01-17T20:47:48","modified_gmt":"2024-01-17T20:47:48","slug":"privacy-policy-2","status":"publish","type":"page","link":"https:\/\/www.mb-kovovyroba.sk\/en\/privacy-policy-2\/","title":{"rendered":"Privacy Policy"},"content":{"rendered":"<h3 class=\"wp-block-heading has-text-align-left translation-block\">Personal data processing principles and data protection system according to\nGDPR<\/h3>\n\n\n\n<p><\/p>\n\n\n\n<p class=\"translation-block\">drawn up in accordance with Regulation (EU) 2016\/679 of the European Parliament and of the Council on the protection of\nof natural persons with regard to the processing of personal data and on the free movement of such data in accordance with\nArticles 13 and 14 of the Regulation (hereinafter referred to as \"GDPR\") and Act No. 18\/2018 Coll. on the protection of\npersonal data (hereinafter referred to as the \"Personal Data Protection Act\")<\/p>\n\n\n\n<p class=\"translation-block\">Controller:\nMB-kovov\u00fdroba s. r. o.<\/p>\n\n\n\n<p>\u017datevn\u00e1 1177\/63<\/p>\n\n\n\n<p>951 35 Ve\u013ek\u00e9 Z\u00e1lu\u017eie<\/p>\n\n\n\n<p>I\u010cO: 54 628 865<\/p>\n\n\n\n<p>Martin B\u00e9di<\/p>\n\n\n\n<p>0902 343 883<br>martinbedio!mb-kovovyroba.sk<\/p>\n\n\n\n<p>(hereinafter referred to as \"Operator\")<\/p>\n\n\n\n<p>What is personal data?<\/p>\n\n\n\n<p class=\"translation-block\">Personal data is data relating to an identified natural person, or\nan identifiable natural person who can be identified directly or indirectly,\nin particular by reference to a generally applicable identifier, an identifier other than\nsuch as a first name, surname, identification number, location data, or online identifier,\nor on the basis of one or more of the characteristics or features which constitute his or her physical\nidentity, physiological identity, genetic identity, psychological identity, mental identity,\neconomic identity, cultural identity or social identity.<\/p>\n\n\n\n<p>What is the processing of personal data?<\/p>\n\n\n\n<p class=\"translation-block\">Processing of personal data means a processing operation or a set of processing operations\nprocessing operations on personal data or sets of personal data, in particular the acquisition of,\nrecording, organisation, structuring, storage, alteration, retrieval,\nconsultation, use, disclosure by transmission, dissemination or otherwise,\nrearrangement or combination, restriction, erasure, whether or not\ncarried out by automated means or non-automated means.<\/p>\n\n\n\n<p class=\"translation-block\">The Controller (Controller) is not obliged to appoint\/designate a Responsible Person.\nSources and categories of personal data:<\/p>\n\n\n\n<div class=\"wp-block-file btn-4\"><a id=\"wp-block-file--media-3a3bb01b-ed17-4542-904c-57bf0c4d7d0d\" href=\"https:\/\/www.mb-kovovyroba.sk\/wp-content\/uploads\/2024\/01\/gdpr-mb-kovovyroba.pdf\" target=\"_blank\" rel=\"noreferrer noopener\">Cel\u00fd dokument k n\u00e1h\u013eadu: gdpr-mb-kovovyroba<\/a><a href=\"https:\/\/www.mb-kovovyroba.sk\/wp-content\/uploads\/2024\/01\/gdpr-mb-kovovyroba.pdf\" class=\"wp-block-file__button wp-element-button\" download aria-describedby=\"wp-block-file--media-3a3bb01b-ed17-4542-904c-57bf0c4d7d0d\">Download<\/a><\/div>","protected":false},"excerpt":{"rendered":"<p>Z\u00e1sady spracovania osobn\u00fdch \u00fadajov a syst\u00e9m ochrany osobn\u00fdch \u00fadajov pod\u013eanariadenia GDPR vypracovan\u00e9 v s\u00falade s &#8230; <a title=\"Privacy Policy\" class=\"read-more\" href=\"https:\/\/www.mb-kovovyroba.sk\/en\/privacy-policy-2\/\" aria-label=\"More on Ochrana osobn\u00fdch \u00fadajov\">Read more<\/a><\/p>","protected":false},"author":1,"featured_media":0,"parent":0,"menu_order":0,"comment_status":"closed","ping_status":"open","template":"","meta":{"inline_featured_image":false,"_monsterinsights_skip_tracking":false,"_monsterinsights_sitenote_active":false,"_monsterinsights_sitenote_note":"","_monsterinsights_sitenote_category":0,"footnotes":""},"class_list":["post-765","page","type-page","status-publish"],"yoast_head":"<!-- This site is optimized with the Yoast SEO plugin v25.1 - https:\/\/yoast.com\/wordpress\/plugins\/seo\/ -->\n<title>Ochrana osobn\u00fdch \u00fadajov - mb-kovov\u00fdroba s. r. o.<\/title>\n<meta name=\"robots\" content=\"index, follow, max-snippet:-1, max-image-preview:large, max-video-preview:-1\" \/>\n<link rel=\"canonical\" href=\"https:\/\/www.mb-kovovyroba.sk\/en\/privacy-policy-2\/\" \/>\n<meta property=\"og:locale\" content=\"en_US\" \/>\n<meta property=\"og:type\" content=\"article\" \/>\n<meta property=\"og:title\" content=\"Ochrana osobn\u00fdch \u00fadajov - mb-kovov\u00fdroba s. r. o.\" \/>\n<meta property=\"og:description\" content=\"Z\u00e1sady spracovania osobn\u00fdch \u00fadajov a syst\u00e9m ochrany osobn\u00fdch \u00fadajov pod\u013eanariadenia GDPR vypracovan\u00e9 v s\u00falade s ... Read more\" \/>\n<meta property=\"og:url\" content=\"https:\/\/www.mb-kovovyroba.sk\/en\/privacy-policy-2\/\" \/>\n<meta property=\"og:site_name\" content=\"mb-kovov\u00fdroba s. r. o.\" \/>\n<meta property=\"article:modified_time\" content=\"2024-01-17T20:47:48+00:00\" \/>\n<meta name=\"twitter:card\" content=\"summary_large_image\" \/>\n<meta name=\"twitter:label1\" content=\"Est. reading time\" \/>\n\t<meta name=\"twitter:data1\" content=\"2 minutes\" \/>\n<script type=\"application\/ld+json\" class=\"yoast-schema-graph\">{\"@context\":\"https:\/\/schema.org\",\"@graph\":[{\"@type\":\"WebPage\",\"@id\":\"https:\/\/www.mb-kovovyroba.sk\/privacy-policy-2\/\",\"url\":\"https:\/\/www.mb-kovovyroba.sk\/privacy-policy-2\/\",\"name\":\"Ochrana osobn\u00fdch \u00fadajov - mb-kovov\u00fdroba s. r. o.\",\"isPartOf\":{\"@id\":\"https:\/\/www.mb-kovovyroba.sk\/#website\"},\"datePublished\":\"2021-05-30T13:08:16+00:00\",\"dateModified\":\"2024-01-17T20:47:48+00:00\",\"breadcrumb\":{\"@id\":\"https:\/\/www.mb-kovovyroba.sk\/privacy-policy-2\/#breadcrumb\"},\"inLanguage\":\"en-US\",\"potentialAction\":[{\"@type\":\"ReadAction\",\"target\":[\"https:\/\/www.mb-kovovyroba.sk\/privacy-policy-2\/\"]}]},{\"@type\":\"BreadcrumbList\",\"@id\":\"https:\/\/www.mb-kovovyroba.sk\/privacy-policy-2\/#breadcrumb\",\"itemListElement\":[{\"@type\":\"ListItem\",\"position\":1,\"name\":\"Home\",\"item\":\"https:\/\/www.mb-kovovyroba.sk\/\"},{\"@type\":\"ListItem\",\"position\":2,\"name\":\"Ochrana osobn\u00fdch \u00fadajov\"}]},{\"@type\":\"WebSite\",\"@id\":\"https:\/\/www.mb-kovovyroba.sk\/#website\",\"url\":\"https:\/\/www.mb-kovovyroba.sk\/\",\"name\":\"mb-kovov\u00fdroba s. r. o.\",\"description\":\"mb-kovov\u00fdroba s. r. o. slu\u017eby v oblasti kovov\u00fdroby\",\"potentialAction\":[{\"@type\":\"SearchAction\",\"target\":{\"@type\":\"EntryPoint\",\"urlTemplate\":\"https:\/\/www.mb-kovovyroba.sk\/?s={search_term_string}\"},\"query-input\":{\"@type\":\"PropertyValueSpecification\",\"valueRequired\":true,\"valueName\":\"search_term_string\"}}],\"inLanguage\":\"en-US\"}]}<\/script>\n<!-- \/ Yoast SEO plugin. -->","yoast_head_json":{"title":"Ochrana osobn\u00fdch \u00fadajov - mb-kovov\u00fdroba s. r. o.","robots":{"index":"index","follow":"follow","max-snippet":"max-snippet:-1","max-image-preview":"max-image-preview:large","max-video-preview":"max-video-preview:-1"},"canonical":"https:\/\/www.mb-kovovyroba.sk\/en\/privacy-policy-2\/","og_locale":"en_US","og_type":"article","og_title":"Ochrana osobn\u00fdch \u00fadajov - mb-kovov\u00fdroba s. r. o.","og_description":"Z\u00e1sady spracovania osobn\u00fdch \u00fadajov a syst\u00e9m ochrany osobn\u00fdch \u00fadajov pod\u013eanariadenia GDPR vypracovan\u00e9 v s\u00falade s ... Read more","og_url":"https:\/\/www.mb-kovovyroba.sk\/en\/privacy-policy-2\/","og_site_name":"mb-kovov\u00fdroba s. r. o.","article_modified_time":"2024-01-17T20:47:48+00:00","twitter_card":"summary_large_image","twitter_misc":{"Est. reading time":"2 minutes"},"schema":{"@context":"https:\/\/schema.org","@graph":[{"@type":"WebPage","@id":"https:\/\/www.mb-kovovyroba.sk\/privacy-policy-2\/","url":"https:\/\/www.mb-kovovyroba.sk\/privacy-policy-2\/","name":"Ochrana osobn\u00fdch \u00fadajov - mb-kovov\u00fdroba s. r. o.","isPartOf":{"@id":"https:\/\/www.mb-kovovyroba.sk\/#website"},"datePublished":"2021-05-30T13:08:16+00:00","dateModified":"2024-01-17T20:47:48+00:00","breadcrumb":{"@id":"https:\/\/www.mb-kovovyroba.sk\/privacy-policy-2\/#breadcrumb"},"inLanguage":"en-US","potentialAction":[{"@type":"ReadAction","target":["https:\/\/www.mb-kovovyroba.sk\/privacy-policy-2\/"]}]},{"@type":"BreadcrumbList","@id":"https:\/\/www.mb-kovovyroba.sk\/privacy-policy-2\/#breadcrumb","itemListElement":[{"@type":"ListItem","position":1,"name":"Home","item":"https:\/\/www.mb-kovovyroba.sk\/"},{"@type":"ListItem","position":2,"name":"Ochrana osobn\u00fdch \u00fadajov"}]},{"@type":"WebSite","@id":"https:\/\/www.mb-kovovyroba.sk\/#website","url":"https:\/\/www.mb-kovovyroba.sk\/","name":"mb-kovov\u00fdroba s. r. o.","description":"mb-kovov\u00fdroba s. r. o. slu\u017eby v oblasti kovov\u00fdroby","potentialAction":[{"@type":"SearchAction","target":{"@type":"EntryPoint","urlTemplate":"https:\/\/www.mb-kovovyroba.sk\/?s={search_term_string}"},"query-input":{"@type":"PropertyValueSpecification","valueRequired":true,"valueName":"search_term_string"}}],"inLanguage":"en-US"}]}},"_links":{"self":[{"href":"https:\/\/www.mb-kovovyroba.sk\/en\/wp-json\/wp\/v2\/pages\/765","targetHints":{"allow":["GET"]}}],"collection":[{"href":"https:\/\/www.mb-kovovyroba.sk\/en\/wp-json\/wp\/v2\/pages"}],"about":[{"href":"https:\/\/www.mb-kovovyroba.sk\/en\/wp-json\/wp\/v2\/types\/page"}],"author":[{"embeddable":true,"href":"https:\/\/www.mb-kovovyroba.sk\/en\/wp-json\/wp\/v2\/users\/1"}],"replies":[{"embeddable":true,"href":"https:\/\/www.mb-kovovyroba.sk\/en\/wp-json\/wp\/v2\/comments?post=765"}],"version-history":[{"count":6,"href":"https:\/\/www.mb-kovovyroba.sk\/en\/wp-json\/wp\/v2\/pages\/765\/revisions"}],"predecessor-version":[{"id":1514,"href":"https:\/\/www.mb-kovovyroba.sk\/en\/wp-json\/wp\/v2\/pages\/765\/revisions\/1514"}],"wp:attachment":[{"href":"https:\/\/www.mb-kovovyroba.sk\/en\/wp-json\/wp\/v2\/media?parent=765"}],"curies":[{"name":"wp","href":"https:\/\/api.w.org\/{rel}","templated":true}]}}