{"id":39,"date":"2021-12-08T20:34:31","date_gmt":"2021-12-08T20:34:31","guid":{"rendered":"https:\/\/gpsites.co\/construction\/?page_id=39"},"modified":"2023-08-01T19:18:44","modified_gmt":"2023-08-01T19:18:44","slug":"kontakt","status":"publish","type":"page","link":"https:\/\/www.mb-kovovyroba.sk\/en\/kontakt\/","title":{"rendered":"Contact"},"content":{"rendered":"<div class=\"gb-grid-wrapper gb-grid-wrapper-1e0ce714\">\n<div class=\"gb-grid-column gb-grid-column-d197a7e4\"><div class=\"gb-container gb-container-d197a7e4\">\n\n<h2 class=\"gb-headline gb-headline-5f9e11fc gb-headline-text\"><mark style=\"background-color:rgba(0, 0, 0, 0)\" class=\"has-inline-color has-base-2-color\"><strong><mark class=\"gb-highlight\">MB-kovov\u00fdroba s. r. o.<\/mark><\/strong><\/mark><\/h2>\n\n\n\n<p class=\"gb-headline gb-headline-a9fac0a6 gb-headline-text\">\u017datevn\u00e1 1177\/63<\/p>\n\n\n\n<p class=\"gb-headline gb-headline-a9fac0a6 gb-headline-text\">951 35 Ve\u013ek\u00e9 Z\u00e1lu\u017eie<\/p>\n\n\n\n<h2 class=\"gb-headline gb-headline-c0ba04c5 gb-headline-text\">email communication<\/h2>\n\n\n\n<p class=\"gb-headline gb-headline-423b5340 gb-headline-text\"><a href=\"mailto:support@construction.com\">info@mbkovov\u00fdroba.sk<\/a><\/p>\n\n\n\n<p class=\"gb-headline gb-headline-4c816192 gb-headline-text\">If you have any questions regarding our availability and services, please contact us directly or via the contact form opposite.<\/p>\n\n<\/div><\/div>\n\n<div class=\"gb-grid-column gb-grid-column-bdf3c3f6\"><div class=\"gb-container gb-container-bdf3c3f6\">\n\n<h3 class=\"gb-headline gb-headline-af66c88e gb-headline-text\">Bespoke metal fabrication - Just fill in the form and we will get back to you<\/h3>\n\n\n<div class=\"wpforms-container wpforms-container-full wpforms-render-modern\" id=\"wpforms-1352\"><form id=\"wpforms-form-1352\" class=\"wpforms-validate wpforms-form wpforms-ajax-form\" data-formid=\"1352\" method=\"post\" enctype=\"multipart\/form-data\" action=\"\/en\/wp-json\/wp\/v2\/pages\/39\" data-token=\"93915bf6274ebbf37dcbdc664c2bfe29\" data-token-time=\"1777133432\" data-trp-original-action=\"\/en\/wp-json\/wp\/v2\/pages\/39\"><noscript class=\"wpforms-error-noscript\">Please enable JavaScript in your browser to complete this form.<\/noscript><div class=\"wpforms-hidden\" id=\"wpforms-error-noscript\">Please enable JavaScript in your browser to complete this form.<\/div><div class=\"wpforms-field-container\"><div id=\"wpforms-1352-field_1-container\" class=\"wpforms-field wpforms-field-email\" data-field-id=\"1\"><label class=\"wpforms-field-label\" for=\"wpforms-1352-field_1\">Email <span class=\"wpforms-required-label\" aria-hidden=\"true\">*<\/span><\/label><input type=\"email\" id=\"wpforms-1352-field_1\" class=\"wpforms-field-medium wpforms-field-required\" name=\"wpforms[fields][1]\" spellcheck=\"false\" aria-errormessage=\"wpforms-1352-field_1-error\" required><\/div><div id=\"wpforms-1352-field_2-container\" class=\"wpforms-field wpforms-field-textarea\" data-field-id=\"2\"><label class=\"wpforms-field-label\" for=\"wpforms-1352-field_2\">message<\/label><textarea id=\"wpforms-1352-field_2\" class=\"wpforms-field-medium\" name=\"wpforms[fields][2]\" aria-errormessage=\"wpforms-1352-field_2-error\" ><\/textarea><\/div><\/div><!-- .wpforms-field-container --><div class=\"wpforms-submit-container\" ><input type=\"hidden\" name=\"wpforms[id]\" value=\"1352\"><input type=\"hidden\" name=\"page_title\" value=\"\"><input type=\"hidden\" name=\"page_url\" value=\"https:\/\/www.mb-kovovyroba.sk\/en\/wp-json\/wp\/v2\/pages\/39\"><input type=\"hidden\" name=\"url_referer\" value=\"\"><button type=\"submit\" name=\"wpforms[submit]\" id=\"wpforms-submit-1352\" class=\"wpforms-submit btn-4\" data-alt-text=\"Odosielam...\" data-submit-text=\"Odosla\u0165\" aria-live=\"assertive\" value=\"wpforms-submit\">Send<\/button><img loading=\"lazy\" decoding=\"async\" src=\"https:\/\/www.mb-kovovyroba.sk\/wp-content\/plugins\/wpforms-lite\/assets\/images\/submit-spin.svg\" class=\"wpforms-submit-spinner\" style=\"display: none;\" width=\"26\" height=\"26\" alt=\"Loading\"><\/div><input type=\"hidden\" name=\"trp-form-language\" value=\"en\"\/><\/form><\/div>  <!-- .wpforms-container -->\n\n<\/div><\/div>\n<\/div>","protected":false},"excerpt":{"rendered":"","protected":false},"author":1,"featured_media":0,"parent":0,"menu_order":0,"comment_status":"closed","ping_status":"closed","template":"","meta":{"inline_featured_image":false,"_monsterinsights_skip_tracking":false,"_monsterinsights_sitenote_active":false,"_monsterinsights_sitenote_note":"","_monsterinsights_sitenote_category":0,"footnotes":""},"class_list":["post-39","page","type-page","status-publish"],"yoast_head":"<!-- This site is optimized with the Yoast SEO plugin v25.1 - https:\/\/yoast.com\/wordpress\/plugins\/seo\/ -->\n<title>Kontakt - mb-kovov\u00fdroba s. r. o.<\/title>\n<meta name=\"robots\" content=\"index, follow, max-snippet:-1, max-image-preview:large, max-video-preview:-1\" \/>\n<link rel=\"canonical\" href=\"https:\/\/www.mb-kovovyroba.sk\/en\/kontakt\/\" \/>\n<meta property=\"og:locale\" content=\"en_US\" \/>\n<meta property=\"og:type\" content=\"article\" \/>\n<meta property=\"og:title\" content=\"Kontakt - mb-kovov\u00fdroba s. r. o.\" \/>\n<meta property=\"og:url\" content=\"https:\/\/www.mb-kovovyroba.sk\/en\/kontakt\/\" \/>\n<meta property=\"og:site_name\" content=\"mb-kovov\u00fdroba s. r. o.\" \/>\n<meta property=\"article:modified_time\" content=\"2023-08-01T19:18:44+00:00\" \/>\n<meta name=\"twitter:card\" content=\"summary_large_image\" \/>\n<script type=\"application\/ld+json\" class=\"yoast-schema-graph\">{\"@context\":\"https:\/\/schema.org\",\"@graph\":[{\"@type\":\"WebPage\",\"@id\":\"https:\/\/www.mb-kovovyroba.sk\/kontakt\/\",\"url\":\"https:\/\/www.mb-kovovyroba.sk\/kontakt\/\",\"name\":\"Kontakt - mb-kovov\u00fdroba s. r. o.\",\"isPartOf\":{\"@id\":\"https:\/\/www.mb-kovovyroba.sk\/#website\"},\"datePublished\":\"2021-12-08T20:34:31+00:00\",\"dateModified\":\"2023-08-01T19:18:44+00:00\",\"breadcrumb\":{\"@id\":\"https:\/\/www.mb-kovovyroba.sk\/kontakt\/#breadcrumb\"},\"inLanguage\":\"en-US\",\"potentialAction\":[{\"@type\":\"ReadAction\",\"target\":[\"https:\/\/www.mb-kovovyroba.sk\/kontakt\/\"]}]},{\"@type\":\"BreadcrumbList\",\"@id\":\"https:\/\/www.mb-kovovyroba.sk\/kontakt\/#breadcrumb\",\"itemListElement\":[{\"@type\":\"ListItem\",\"position\":1,\"name\":\"Home\",\"item\":\"https:\/\/www.mb-kovovyroba.sk\/\"},{\"@type\":\"ListItem\",\"position\":2,\"name\":\"Kontakt\"}]},{\"@type\":\"WebSite\",\"@id\":\"https:\/\/www.mb-kovovyroba.sk\/#website\",\"url\":\"https:\/\/www.mb-kovovyroba.sk\/\",\"name\":\"mb-kovov\u00fdroba s. r. o.\",\"description\":\"mb-kovov\u00fdroba s. r. o. slu\u017eby v oblasti kovov\u00fdroby\",\"potentialAction\":[{\"@type\":\"SearchAction\",\"target\":{\"@type\":\"EntryPoint\",\"urlTemplate\":\"https:\/\/www.mb-kovovyroba.sk\/?s={search_term_string}\"},\"query-input\":{\"@type\":\"PropertyValueSpecification\",\"valueRequired\":true,\"valueName\":\"search_term_string\"}}],\"inLanguage\":\"en-US\"}]}<\/script>\n<!-- \/ Yoast SEO plugin. -->","yoast_head_json":{"title":"Kontakt - mb-kovov\u00fdroba s. r. o.","robots":{"index":"index","follow":"follow","max-snippet":"max-snippet:-1","max-image-preview":"max-image-preview:large","max-video-preview":"max-video-preview:-1"},"canonical":"https:\/\/www.mb-kovovyroba.sk\/en\/kontakt\/","og_locale":"en_US","og_type":"article","og_title":"Kontakt - mb-kovov\u00fdroba s. r. o.","og_url":"https:\/\/www.mb-kovovyroba.sk\/en\/kontakt\/","og_site_name":"mb-kovov\u00fdroba s. r. o.","article_modified_time":"2023-08-01T19:18:44+00:00","twitter_card":"summary_large_image","schema":{"@context":"https:\/\/schema.org","@graph":[{"@type":"WebPage","@id":"https:\/\/www.mb-kovovyroba.sk\/kontakt\/","url":"https:\/\/www.mb-kovovyroba.sk\/kontakt\/","name":"Kontakt - mb-kovov\u00fdroba s. r. o.","isPartOf":{"@id":"https:\/\/www.mb-kovovyroba.sk\/#website"},"datePublished":"2021-12-08T20:34:31+00:00","dateModified":"2023-08-01T19:18:44+00:00","breadcrumb":{"@id":"https:\/\/www.mb-kovovyroba.sk\/kontakt\/#breadcrumb"},"inLanguage":"en-US","potentialAction":[{"@type":"ReadAction","target":["https:\/\/www.mb-kovovyroba.sk\/kontakt\/"]}]},{"@type":"BreadcrumbList","@id":"https:\/\/www.mb-kovovyroba.sk\/kontakt\/#breadcrumb","itemListElement":[{"@type":"ListItem","position":1,"name":"Home","item":"https:\/\/www.mb-kovovyroba.sk\/"},{"@type":"ListItem","position":2,"name":"Kontakt"}]},{"@type":"WebSite","@id":"https:\/\/www.mb-kovovyroba.sk\/#website","url":"https:\/\/www.mb-kovovyroba.sk\/","name":"mb-kovov\u00fdroba s. r. o.","description":"mb-kovov\u00fdroba s. r. o. slu\u017eby v oblasti kovov\u00fdroby","potentialAction":[{"@type":"SearchAction","target":{"@type":"EntryPoint","urlTemplate":"https:\/\/www.mb-kovovyroba.sk\/?s={search_term_string}"},"query-input":{"@type":"PropertyValueSpecification","valueRequired":true,"valueName":"search_term_string"}}],"inLanguage":"en-US"}]}},"_links":{"self":[{"href":"https:\/\/www.mb-kovovyroba.sk\/en\/wp-json\/wp\/v2\/pages\/39","targetHints":{"allow":["GET"]}}],"collection":[{"href":"https:\/\/www.mb-kovovyroba.sk\/en\/wp-json\/wp\/v2\/pages"}],"about":[{"href":"https:\/\/www.mb-kovovyroba.sk\/en\/wp-json\/wp\/v2\/types\/page"}],"author":[{"embeddable":true,"href":"https:\/\/www.mb-kovovyroba.sk\/en\/wp-json\/wp\/v2\/users\/1"}],"replies":[{"embeddable":true,"href":"https:\/\/www.mb-kovovyroba.sk\/en\/wp-json\/wp\/v2\/comments?post=39"}],"version-history":[{"count":2,"href":"https:\/\/www.mb-kovovyroba.sk\/en\/wp-json\/wp\/v2\/pages\/39\/revisions"}],"predecessor-version":[{"id":1228,"href":"https:\/\/www.mb-kovovyroba.sk\/en\/wp-json\/wp\/v2\/pages\/39\/revisions\/1228"}],"wp:attachment":[{"href":"https:\/\/www.mb-kovovyroba.sk\/en\/wp-json\/wp\/v2\/media?parent=39"}],"curies":[{"name":"wp","href":"https:\/\/api.w.org\/{rel}","templated":true}]}}